{"id":238,"date":"2020-09-03T13:25:35","date_gmt":"2020-09-03T13:25:35","guid":{"rendered":"https:\/\/www.rioc.eu\/?page_id=238"},"modified":"2020-09-19T17:47:54","modified_gmt":"2020-09-19T17:47:54","slug":"visio-ja-missio","status":"publish","type":"page","link":"https:\/\/rioc.eu\/fi\/visio-ja-missio\/","title":{"rendered":"Visio ja missio"},"content":{"rendered":"<p>Research Initiative on Organised Crime (RIOC ry) on itsen\u00e4inen ajatushautomo, joka tekee k\u00e4yt\u00e4nt\u00f6\u00f6n sovellettavaa yhteiskunnallisesti relevanttia tutkimusta j\u00e4rjest\u00e4ytyneest\u00e4 rikollisuudesta (JR) ja kehitt\u00e4\u00e4 ty\u00f6kaluja JR ryhmien ja verkostojen toiminnan vaikeuttamiseksi ja est\u00e4miseksi. RIOC ry on Suomessa rekister\u00f6ity yhdistys kotipaikkanaan Tampere.<\/p>\n<p>RIOC ry:n tavoitteena on luoda yh\u00e4 tehokkaampia ty\u00f6kaluja j\u00e4rjest\u00e4ytyneen rikollisuuden vastaiseen ty\u00f6h\u00f6n sek\u00e4 tarjota neuvoa-antavaa tukea niin kansallisella kuin kansainv\u00e4lisell\u00e4kin tasolla sek\u00e4 strategisten ett\u00e4 taktisten instrumenttien toimeenpanossa.<\/p>\n<p>RIOC ry tutkii j\u00e4rjest\u00e4ytyneen rikollisuuden uhkia sek\u00e4 keinoja niiden torjunnan ja ennaltaehk\u00e4isyn tehostamiseksi ja rikollisj\u00e4rjest\u00f6jen toiminnan vaikeuttamiseksi. Samalla RIOC ry toimii kansainv\u00e4lisen\u00e4 ammatillisen kehittymisen alustana asiantuntijoille. Tavoitteena on tuoda yhteen JR asiantuntijoita ja k\u00e4yt\u00e4nn\u00f6nty\u00f6n tekij\u00f6it\u00e4 vahvistaen horisontaalista oppimista ja tiedonvaihtoa. RIOCin asiantuntijat osallistuvat projekteihin ja tutkimusjulkaisuihin. Verkosto tarjoaa my\u00f6s mahdollisuuden jakaa kokemuksia, tehd\u00e4 yhteisty\u00f6t\u00e4 ja innovoida alan spesialistien kesken.<\/p>\n<p>RIOC ry:n tarkoitus on olla politiikka-relevantti ajatushautomo sek\u00e4 operationaalinen partneri eri toimijoille. RIOC ry suunnittelee ja kehitt\u00e4\u00e4 kest\u00e4vi\u00e4 ratkaisuja sek\u00e4 tukee muullakin tavoin j\u00e4rjest\u00e4ytyneen rikollisuuden vastaisia toimia. Vain valtioiden ja ammatillisten rajojen ylitt\u00e4v\u00e4 dialogi voi luoda tehokkaita toimintatapoja kansainv\u00e4lisen rikollisuuden vastaiseen taisteluun. Kansainv\u00e4liset instituutiot ja rakenteet nykyisell\u00e4\u00e4n ovat hitaita taistelemaan nopeasti kehittyvi\u00e4 ja eri tilanteisiin mukautuvia rikollisj\u00e4rjest\u00f6j\u00e4 vastaan. L\u00e4heisess\u00e4 yhteisty\u00f6ss\u00e4 partnerien kuten Euroopan Unionin, ETYJ:n ja kansallisvaltioiden kanssa RIOC ry ketter\u00e4n\u00e4 kansalaisj\u00e4rjest\u00f6n\u00e4 pyrkii ehdottamaan toimivia ratkaisuja erityiskysymyksiin ja -haasteisiin. RIOC ry yhdist\u00e4\u00e4 kansalaisj\u00e4rjest\u00f6n joustavuuden kykyyn vastata k\u00e4yt\u00e4nn\u00f6n ongelmiin, joita sen kansallisissa ja kansainv\u00e4lisiss\u00e4 teht\u00e4viss\u00e4 toimivat j\u00e4senet kohtaavat ja huomaavat.<\/p>\n","protected":false},"excerpt":{"rendered":"<p>Research Initiative on Organised Crime (RIOC ry) on itsen\u00e4inen ajatushautomo, joka tekee k\u00e4yt\u00e4nt\u00f6\u00f6n sovellettavaa yhteiskunnallisesti relevanttia tutkimusta j\u00e4rjest\u00e4ytyneest\u00e4 rikollisuudesta (JR) &#8230;<\/p>\n","protected":false},"author":1,"featured_media":0,"parent":0,"menu_order":0,"comment_status":"closed","ping_status":"closed","template":"","meta":{"_acf_changed":false,"footnotes":""},"class_list":["post-238","page","type-page","status-publish","hentry"],"acf":[],"yoast_head":"<!-- This site is optimized with the Yoast SEO plugin v27.4 - https:\/\/yoast.com\/product\/yoast-seo-wordpress\/ -->\n<title>Visio ja missio - rioc<\/title>\n<meta name=\"robots\" content=\"index, follow, max-snippet:-1, max-image-preview:large, max-video-preview:-1\" \/>\n<link rel=\"canonical\" href=\"https:\/\/rioc.eu\/fi\/visio-ja-missio\/\" \/>\n<meta property=\"og:locale\" content=\"fi_FI\" \/>\n<meta property=\"og:type\" content=\"article\" \/>\n<meta property=\"og:title\" content=\"Visio ja missio - rioc\" \/>\n<meta property=\"og:description\" content=\"Research Initiative on Organised Crime (RIOC ry) on itsen\u00e4inen ajatushautomo, joka tekee k\u00e4yt\u00e4nt\u00f6\u00f6n sovellettavaa yhteiskunnallisesti relevanttia tutkimusta j\u00e4rjest\u00e4ytyneest\u00e4 rikollisuudesta (JR) ...\" \/>\n<meta property=\"og:url\" content=\"https:\/\/rioc.eu\/fi\/visio-ja-missio\/\" \/>\n<meta property=\"og:site_name\" content=\"rioc\" \/>\n<meta property=\"article:modified_time\" content=\"2020-09-19T17:47:54+00:00\" \/>\n<meta name=\"twitter:card\" content=\"summary_large_image\" \/>\n<meta name=\"twitter:label1\" content=\"Arvioitu lukuaika\" \/>\n\t<meta name=\"twitter:data1\" content=\"1 minuutti\" \/>\n<script type=\"application\/ld+json\" class=\"yoast-schema-graph\">{\"@context\":\"https:\\\/\\\/schema.org\",\"@graph\":[{\"@type\":\"WebPage\",\"@id\":\"https:\\\/\\\/rioc.eu\\\/fi\\\/visio-ja-missio\\\/\",\"url\":\"https:\\\/\\\/rioc.eu\\\/fi\\\/visio-ja-missio\\\/\",\"name\":\"Visio ja missio - rioc\",\"isPartOf\":{\"@id\":\"https:\\\/\\\/rioc.eu\\\/fi\\\/#website\"},\"datePublished\":\"2020-09-03T13:25:35+00:00\",\"dateModified\":\"2020-09-19T17:47:54+00:00\",\"breadcrumb\":{\"@id\":\"https:\\\/\\\/rioc.eu\\\/fi\\\/visio-ja-missio\\\/#breadcrumb\"},\"inLanguage\":\"fi\",\"potentialAction\":[{\"@type\":\"ReadAction\",\"target\":[\"https:\\\/\\\/rioc.eu\\\/fi\\\/visio-ja-missio\\\/\"]}]},{\"@type\":\"BreadcrumbList\",\"@id\":\"https:\\\/\\\/rioc.eu\\\/fi\\\/visio-ja-missio\\\/#breadcrumb\",\"itemListElement\":[{\"@type\":\"ListItem\",\"position\":1,\"name\":\"Etusivu\",\"item\":\"https:\\\/\\\/rioc.eu\\\/fi\\\/\"},{\"@type\":\"ListItem\",\"position\":2,\"name\":\"Visio ja missio\"}]},{\"@type\":\"WebSite\",\"@id\":\"https:\\\/\\\/rioc.eu\\\/fi\\\/#website\",\"url\":\"https:\\\/\\\/rioc.eu\\\/fi\\\/\",\"name\":\"rioc\",\"description\":\"\",\"publisher\":{\"@id\":\"https:\\\/\\\/rioc.eu\\\/fi\\\/#organization\"},\"potentialAction\":[{\"@type\":\"SearchAction\",\"target\":{\"@type\":\"EntryPoint\",\"urlTemplate\":\"https:\\\/\\\/rioc.eu\\\/fi\\\/?s={search_term_string}\"},\"query-input\":{\"@type\":\"PropertyValueSpecification\",\"valueRequired\":true,\"valueName\":\"search_term_string\"}}],\"inLanguage\":\"fi\"},{\"@type\":\"Organization\",\"@id\":\"https:\\\/\\\/rioc.eu\\\/fi\\\/#organization\",\"name\":\"RIOC\",\"url\":\"https:\\\/\\\/rioc.eu\\\/fi\\\/\",\"logo\":{\"@type\":\"ImageObject\",\"inLanguage\":\"fi\",\"@id\":\"https:\\\/\\\/rioc.eu\\\/fi\\\/#\\\/schema\\\/logo\\\/image\\\/\",\"url\":\"https:\\\/\\\/rioc.eu\\\/wp-content\\\/uploads\\\/2020\\\/10\\\/cropped-favicon.png\",\"contentUrl\":\"https:\\\/\\\/rioc.eu\\\/wp-content\\\/uploads\\\/2020\\\/10\\\/cropped-favicon.png\",\"width\":512,\"height\":512,\"caption\":\"RIOC\"},\"image\":{\"@id\":\"https:\\\/\\\/rioc.eu\\\/fi\\\/#\\\/schema\\\/logo\\\/image\\\/\"}}]}<\/script>\n<!-- \/ Yoast SEO plugin. -->","yoast_head_json":{"title":"Visio ja missio - rioc","robots":{"index":"index","follow":"follow","max-snippet":"max-snippet:-1","max-image-preview":"max-image-preview:large","max-video-preview":"max-video-preview:-1"},"canonical":"https:\/\/rioc.eu\/fi\/visio-ja-missio\/","og_locale":"fi_FI","og_type":"article","og_title":"Visio ja missio - rioc","og_description":"Research Initiative on Organised Crime (RIOC ry) on itsen\u00e4inen ajatushautomo, joka tekee k\u00e4yt\u00e4nt\u00f6\u00f6n sovellettavaa yhteiskunnallisesti relevanttia tutkimusta j\u00e4rjest\u00e4ytyneest\u00e4 rikollisuudesta (JR) ...","og_url":"https:\/\/rioc.eu\/fi\/visio-ja-missio\/","og_site_name":"rioc","article_modified_time":"2020-09-19T17:47:54+00:00","twitter_card":"summary_large_image","twitter_misc":{"Arvioitu lukuaika":"1 minuutti"},"schema":{"@context":"https:\/\/schema.org","@graph":[{"@type":"WebPage","@id":"https:\/\/rioc.eu\/fi\/visio-ja-missio\/","url":"https:\/\/rioc.eu\/fi\/visio-ja-missio\/","name":"Visio ja missio - rioc","isPartOf":{"@id":"https:\/\/rioc.eu\/fi\/#website"},"datePublished":"2020-09-03T13:25:35+00:00","dateModified":"2020-09-19T17:47:54+00:00","breadcrumb":{"@id":"https:\/\/rioc.eu\/fi\/visio-ja-missio\/#breadcrumb"},"inLanguage":"fi","potentialAction":[{"@type":"ReadAction","target":["https:\/\/rioc.eu\/fi\/visio-ja-missio\/"]}]},{"@type":"BreadcrumbList","@id":"https:\/\/rioc.eu\/fi\/visio-ja-missio\/#breadcrumb","itemListElement":[{"@type":"ListItem","position":1,"name":"Etusivu","item":"https:\/\/rioc.eu\/fi\/"},{"@type":"ListItem","position":2,"name":"Visio ja missio"}]},{"@type":"WebSite","@id":"https:\/\/rioc.eu\/fi\/#website","url":"https:\/\/rioc.eu\/fi\/","name":"rioc","description":"","publisher":{"@id":"https:\/\/rioc.eu\/fi\/#organization"},"potentialAction":[{"@type":"SearchAction","target":{"@type":"EntryPoint","urlTemplate":"https:\/\/rioc.eu\/fi\/?s={search_term_string}"},"query-input":{"@type":"PropertyValueSpecification","valueRequired":true,"valueName":"search_term_string"}}],"inLanguage":"fi"},{"@type":"Organization","@id":"https:\/\/rioc.eu\/fi\/#organization","name":"RIOC","url":"https:\/\/rioc.eu\/fi\/","logo":{"@type":"ImageObject","inLanguage":"fi","@id":"https:\/\/rioc.eu\/fi\/#\/schema\/logo\/image\/","url":"https:\/\/rioc.eu\/wp-content\/uploads\/2020\/10\/cropped-favicon.png","contentUrl":"https:\/\/rioc.eu\/wp-content\/uploads\/2020\/10\/cropped-favicon.png","width":512,"height":512,"caption":"RIOC"},"image":{"@id":"https:\/\/rioc.eu\/fi\/#\/schema\/logo\/image\/"}}]}},"_links":{"self":[{"href":"https:\/\/rioc.eu\/fi\/wp-json\/wp\/v2\/pages\/238","targetHints":{"allow":["GET"]}}],"collection":[{"href":"https:\/\/rioc.eu\/fi\/wp-json\/wp\/v2\/pages"}],"about":[{"href":"https:\/\/rioc.eu\/fi\/wp-json\/wp\/v2\/types\/page"}],"author":[{"embeddable":true,"href":"https:\/\/rioc.eu\/fi\/wp-json\/wp\/v2\/users\/1"}],"replies":[{"embeddable":true,"href":"https:\/\/rioc.eu\/fi\/wp-json\/wp\/v2\/comments?post=238"}],"version-history":[{"count":0,"href":"https:\/\/rioc.eu\/fi\/wp-json\/wp\/v2\/pages\/238\/revisions"}],"wp:attachment":[{"href":"https:\/\/rioc.eu\/fi\/wp-json\/wp\/v2\/media?parent=238"}],"curies":[{"name":"wp","href":"https:\/\/api.w.org\/{rel}","templated":true}]}}