{"id":54,"date":"2020-08-28T07:36:15","date_gmt":"2020-08-28T07:36:15","guid":{"rendered":"https:\/\/www.rioc.eu\/?page_id=54"},"modified":"2020-09-19T17:44:59","modified_gmt":"2020-09-19T17:44:59","slug":"taustaa","status":"publish","type":"page","link":"https:\/\/rioc.eu\/fi\/taustaa\/","title":{"rendered":"Taustaa"},"content":{"rendered":"<p>Ajatus Research Initiative on Organised Crime RIOC ry:n perustamisesta syntyi vuonna 2018, kun pieni ryhm\u00e4 eurooppalaisia asiantuntijoita jakoi saman vision siit\u00e4, ett\u00e4 j\u00e4rjest\u00e4ytyneiden rikollisryhmien ja verkostojen soluttautumista yh\u00e4 syvemm\u00e4lle eurooppalaisiin yhteiskuntiin t\u00e4ytyy tehokkaammin est\u00e4\u00e4.<\/p>\n<p>J\u00e4rjest\u00e4ytynyt rikollisuus (JR) n\u00e4hd\u00e4\u00e4n yh\u00e4 vakavampana uhkana kansainv\u00e4liselle turvallisuudelle ja vakaudelle sek\u00e4 taloudelle niin kansallisella kuin globaalilla tasolla. My\u00f6s Euroopan Unionin yhteisen turvallisuus- ja puolustuspolitiikan (YTTP) puolella, JR on saanut uudenlaista huomiota. Aivan ensinn\u00e4 RIOC ry toi yhteen asiantuntijoita eri sidosryhmist\u00e4 pohtimaan parempia ty\u00f6v\u00e4lineit\u00e4 Euroopan unionille j\u00e4rjest\u00e4ytyneen rikollisuuden vastaisessa taistelussa ml. toimijoiden v\u00e4liseen yhteisty\u00f6h\u00f6n.<\/p>\n<p>RIOC ry:n perustajat kirjoittivat k\u00e4sikirjan YTPP-operaatioissa ty\u00f6skenteleville neuvonantajille (The CSDP Handbook on Advisory Support to tackle Organised Crime), jonka Kriisinhallintakeskus julkaisi syksyll\u00e4 2019.<\/p>\n<p>RIOC ry:n perustajat valmistelivat my\u00f6s sis\u00e4ll\u00f6n kolmen p\u00e4iv\u00e4n mittaiseen ty\u00f6pajaan, joka k\u00e4sitteli YTTP kriisinhallintaoperaatioiden roolia j\u00e4rjest\u00e4ytyneiden rikollisj\u00e4rjest\u00f6jen toiminnan est\u00e4miseksi ja vaikeuttamiseksi kohdemaissa. T\u00e4m\u00e4n ty\u00f6pajan rahoitti EU Police and Civilian Services Training (EUPCST) projekti EU:n komission varoin lokakuussa 2019.\u00a0 K\u00e4sikirja ja ty\u00f6paja olivat RIOC ry:n ensimm\u00e4isi\u00e4 askelia keskeisten toimintaperiaatteidensa toimeenpanemiseksi eli strategisten ja taktisten instrumenttien kehitt\u00e4miseksi j\u00e4rjest\u00e4ytyneen rikollisuuden vastaiseen toimintaan.<\/p>\n<p>Vuonna 2019 RIOC ry rekister\u00f6itiin Suomen yhdistyslain mukaisesti. Hallituksen puheenjohtaja Tanja Tamminen antaa j\u00e4rjest\u00f6st\u00e4 mielell\u00e4\u00e4n lis\u00e4tietoja.<\/p>\n","protected":false},"excerpt":{"rendered":"<p>Ajatus Research Initiative on Organised Crime RIOC ry:n perustamisesta syntyi vuonna 2018, kun pieni ryhm\u00e4 eurooppalaisia asiantuntijoita jakoi saman vision &#8230;<\/p>\n","protected":false},"author":1,"featured_media":0,"parent":0,"menu_order":0,"comment_status":"closed","ping_status":"closed","template":"","meta":{"_acf_changed":false,"footnotes":""},"class_list":["post-54","page","type-page","status-publish","hentry"],"acf":[],"yoast_head":"<!-- This site is optimized with the Yoast SEO plugin v27.4 - https:\/\/yoast.com\/product\/yoast-seo-wordpress\/ -->\n<title>Taustaa - rioc<\/title>\n<meta name=\"robots\" content=\"index, follow, max-snippet:-1, max-image-preview:large, max-video-preview:-1\" \/>\n<link rel=\"canonical\" href=\"https:\/\/rioc.eu\/fi\/taustaa\/\" \/>\n<meta property=\"og:locale\" content=\"fi_FI\" \/>\n<meta property=\"og:type\" content=\"article\" \/>\n<meta property=\"og:title\" content=\"Taustaa - rioc\" \/>\n<meta property=\"og:description\" content=\"Ajatus Research Initiative on Organised Crime RIOC ry:n perustamisesta syntyi vuonna 2018, kun pieni ryhm\u00e4 eurooppalaisia asiantuntijoita jakoi saman vision ...\" \/>\n<meta property=\"og:url\" content=\"https:\/\/rioc.eu\/fi\/taustaa\/\" \/>\n<meta property=\"og:site_name\" content=\"rioc\" \/>\n<meta property=\"article:modified_time\" content=\"2020-09-19T17:44:59+00:00\" \/>\n<meta name=\"twitter:card\" content=\"summary_large_image\" \/>\n<meta name=\"twitter:label1\" content=\"Arvioitu lukuaika\" \/>\n\t<meta name=\"twitter:data1\" content=\"1 minuutti\" \/>\n<script type=\"application\/ld+json\" class=\"yoast-schema-graph\">{\"@context\":\"https:\\\/\\\/schema.org\",\"@graph\":[{\"@type\":\"WebPage\",\"@id\":\"https:\\\/\\\/rioc.eu\\\/fi\\\/taustaa\\\/\",\"url\":\"https:\\\/\\\/rioc.eu\\\/fi\\\/taustaa\\\/\",\"name\":\"Taustaa - rioc\",\"isPartOf\":{\"@id\":\"https:\\\/\\\/rioc.eu\\\/fi\\\/#website\"},\"datePublished\":\"2020-08-28T07:36:15+00:00\",\"dateModified\":\"2020-09-19T17:44:59+00:00\",\"breadcrumb\":{\"@id\":\"https:\\\/\\\/rioc.eu\\\/fi\\\/taustaa\\\/#breadcrumb\"},\"inLanguage\":\"fi\",\"potentialAction\":[{\"@type\":\"ReadAction\",\"target\":[\"https:\\\/\\\/rioc.eu\\\/fi\\\/taustaa\\\/\"]}]},{\"@type\":\"BreadcrumbList\",\"@id\":\"https:\\\/\\\/rioc.eu\\\/fi\\\/taustaa\\\/#breadcrumb\",\"itemListElement\":[{\"@type\":\"ListItem\",\"position\":1,\"name\":\"Etusivu\",\"item\":\"https:\\\/\\\/rioc.eu\\\/fi\\\/\"},{\"@type\":\"ListItem\",\"position\":2,\"name\":\"Taustaa\"}]},{\"@type\":\"WebSite\",\"@id\":\"https:\\\/\\\/rioc.eu\\\/fi\\\/#website\",\"url\":\"https:\\\/\\\/rioc.eu\\\/fi\\\/\",\"name\":\"rioc\",\"description\":\"\",\"publisher\":{\"@id\":\"https:\\\/\\\/rioc.eu\\\/fi\\\/#organization\"},\"potentialAction\":[{\"@type\":\"SearchAction\",\"target\":{\"@type\":\"EntryPoint\",\"urlTemplate\":\"https:\\\/\\\/rioc.eu\\\/fi\\\/?s={search_term_string}\"},\"query-input\":{\"@type\":\"PropertyValueSpecification\",\"valueRequired\":true,\"valueName\":\"search_term_string\"}}],\"inLanguage\":\"fi\"},{\"@type\":\"Organization\",\"@id\":\"https:\\\/\\\/rioc.eu\\\/fi\\\/#organization\",\"name\":\"RIOC\",\"url\":\"https:\\\/\\\/rioc.eu\\\/fi\\\/\",\"logo\":{\"@type\":\"ImageObject\",\"inLanguage\":\"fi\",\"@id\":\"https:\\\/\\\/rioc.eu\\\/fi\\\/#\\\/schema\\\/logo\\\/image\\\/\",\"url\":\"https:\\\/\\\/rioc.eu\\\/wp-content\\\/uploads\\\/2020\\\/10\\\/cropped-favicon.png\",\"contentUrl\":\"https:\\\/\\\/rioc.eu\\\/wp-content\\\/uploads\\\/2020\\\/10\\\/cropped-favicon.png\",\"width\":512,\"height\":512,\"caption\":\"RIOC\"},\"image\":{\"@id\":\"https:\\\/\\\/rioc.eu\\\/fi\\\/#\\\/schema\\\/logo\\\/image\\\/\"}}]}<\/script>\n<!-- \/ Yoast SEO plugin. -->","yoast_head_json":{"title":"Taustaa - rioc","robots":{"index":"index","follow":"follow","max-snippet":"max-snippet:-1","max-image-preview":"max-image-preview:large","max-video-preview":"max-video-preview:-1"},"canonical":"https:\/\/rioc.eu\/fi\/taustaa\/","og_locale":"fi_FI","og_type":"article","og_title":"Taustaa - rioc","og_description":"Ajatus Research Initiative on Organised Crime RIOC ry:n perustamisesta syntyi vuonna 2018, kun pieni ryhm\u00e4 eurooppalaisia asiantuntijoita jakoi saman vision ...","og_url":"https:\/\/rioc.eu\/fi\/taustaa\/","og_site_name":"rioc","article_modified_time":"2020-09-19T17:44:59+00:00","twitter_card":"summary_large_image","twitter_misc":{"Arvioitu lukuaika":"1 minuutti"},"schema":{"@context":"https:\/\/schema.org","@graph":[{"@type":"WebPage","@id":"https:\/\/rioc.eu\/fi\/taustaa\/","url":"https:\/\/rioc.eu\/fi\/taustaa\/","name":"Taustaa - rioc","isPartOf":{"@id":"https:\/\/rioc.eu\/fi\/#website"},"datePublished":"2020-08-28T07:36:15+00:00","dateModified":"2020-09-19T17:44:59+00:00","breadcrumb":{"@id":"https:\/\/rioc.eu\/fi\/taustaa\/#breadcrumb"},"inLanguage":"fi","potentialAction":[{"@type":"ReadAction","target":["https:\/\/rioc.eu\/fi\/taustaa\/"]}]},{"@type":"BreadcrumbList","@id":"https:\/\/rioc.eu\/fi\/taustaa\/#breadcrumb","itemListElement":[{"@type":"ListItem","position":1,"name":"Etusivu","item":"https:\/\/rioc.eu\/fi\/"},{"@type":"ListItem","position":2,"name":"Taustaa"}]},{"@type":"WebSite","@id":"https:\/\/rioc.eu\/fi\/#website","url":"https:\/\/rioc.eu\/fi\/","name":"rioc","description":"","publisher":{"@id":"https:\/\/rioc.eu\/fi\/#organization"},"potentialAction":[{"@type":"SearchAction","target":{"@type":"EntryPoint","urlTemplate":"https:\/\/rioc.eu\/fi\/?s={search_term_string}"},"query-input":{"@type":"PropertyValueSpecification","valueRequired":true,"valueName":"search_term_string"}}],"inLanguage":"fi"},{"@type":"Organization","@id":"https:\/\/rioc.eu\/fi\/#organization","name":"RIOC","url":"https:\/\/rioc.eu\/fi\/","logo":{"@type":"ImageObject","inLanguage":"fi","@id":"https:\/\/rioc.eu\/fi\/#\/schema\/logo\/image\/","url":"https:\/\/rioc.eu\/wp-content\/uploads\/2020\/10\/cropped-favicon.png","contentUrl":"https:\/\/rioc.eu\/wp-content\/uploads\/2020\/10\/cropped-favicon.png","width":512,"height":512,"caption":"RIOC"},"image":{"@id":"https:\/\/rioc.eu\/fi\/#\/schema\/logo\/image\/"}}]}},"_links":{"self":[{"href":"https:\/\/rioc.eu\/fi\/wp-json\/wp\/v2\/pages\/54","targetHints":{"allow":["GET"]}}],"collection":[{"href":"https:\/\/rioc.eu\/fi\/wp-json\/wp\/v2\/pages"}],"about":[{"href":"https:\/\/rioc.eu\/fi\/wp-json\/wp\/v2\/types\/page"}],"author":[{"embeddable":true,"href":"https:\/\/rioc.eu\/fi\/wp-json\/wp\/v2\/users\/1"}],"replies":[{"embeddable":true,"href":"https:\/\/rioc.eu\/fi\/wp-json\/wp\/v2\/comments?post=54"}],"version-history":[{"count":0,"href":"https:\/\/rioc.eu\/fi\/wp-json\/wp\/v2\/pages\/54\/revisions"}],"wp:attachment":[{"href":"https:\/\/rioc.eu\/fi\/wp-json\/wp\/v2\/media?parent=54"}],"curies":[{"name":"wp","href":"https:\/\/api.w.org\/{rel}","templated":true}]}}