{"id":66,"date":"2020-08-28T07:46:56","date_gmt":"2020-08-28T07:46:56","guid":{"rendered":"https:\/\/www.rioc.eu\/?page_id=66"},"modified":"2021-01-19T10:30:05","modified_gmt":"2021-01-19T10:30:05","slug":"toiminta","status":"publish","type":"page","link":"https:\/\/rioc.eu\/fi\/toiminta\/","title":{"rendered":"Toiminta"},"content":{"rendered":"\n<h2 class=\"wp-block-heading\" id=\"tools\">Keinoja j\u00e4rjest\u00e4ytyneen rikollisuuden vastaiseen taisteluun<\/h2>\n\n\n\n<p>RIOC ry on itsen\u00e4inen ajatushautomo, joka tekee ajankohtaista k\u00e4yt\u00e4nt\u00f6\u00f6n sovellettavaa tutkimusta j\u00e4rjest\u00e4ytyneest\u00e4 rikollisuudesta ja kehitt\u00e4\u00e4 ty\u00f6kaluja rikollisverkostojen toiminnan vaikeuttamiseksi ja est\u00e4miseksi. J\u00e4rjest\u00f6 perustettiin vuonna 2019.<\/p>\n\n\n\n<p>RIOCin perustajat Paulius Klikunas ja Tanja Tamminen yhteisty\u00f6ss\u00e4 Sergii Rybchenkon ja Ievgen Vorobiovin kanssa kirjoittivat k\u00e4sikirjan EU:n siviilikriisinhallintamissioille l\u00e4hteville neuvonantajille j\u00e4rjest\u00e4ytyneen rikollisuuden vastaiseen ty\u00f6h\u00f6n &#8211; <a href=\"https:\/\/www.cmcfinland.fi\/wp-content\/uploads\/2019\/10\/CMC-Finland-Organized-Crime-Handbook.pdf\"><strong>The CSDP Handbook on Advisory Support to Tackling Organised Crime<\/strong><\/a>. Kirjoittajat halusivat kirjallaan tukea yhteisen ulko- ja turvallisuuspolitiikan toimijoita, sill\u00e4 he tiet\u00e4v\u00e4t millaisia haasteita neuvonantajat jokap\u00e4iv\u00e4isess\u00e4 ty\u00f6ss\u00e4\u00e4n kohtaavat. Kirjoittajat toivovat k\u00e4sikirjan toimivan ty\u00f6kaluna, joka tukee neuvonantajien ty\u00f6t\u00e4 j\u00e4rjest\u00e4ytyneen rikollisuuden vastaisten strategioiden, rakenteiden ja ty\u00f6kalujen kehitt\u00e4misess\u00e4 kolmansissa maissa.&nbsp;<\/p>\n\n\n\n<p>RIOC ry tukee my\u00f6s eurooppalaisten koulutusinstituutioiden ty\u00f6t\u00e4 n\u00e4iden pohtiessa yhteisen turvallisuus- ja puolustuspolitiikan operaatioiden koulutustarpeita. RIOC ry on osallistunut neuvoa-antavassa roolissa EU:n ulkosuhdehallinnon alaisen siviilialan suunnittelu- ja toteutusvoimavaran (CPCC) j\u00e4rjest\u00e4miin kokouksiin joissa valmistellaan koulutustarvekartoitusta. RIOC ry ty\u00f6skentelee Madridin <em>Guardia Civil University Centre<\/em>n kanssa j\u00e4rjest\u00e4ytyneen rikollisuuden vastaisen koulutustarveanalyysin parissa.<\/p>\n\n\n\n<p>Siviilikriisinhallintaoperaatioille suunnattu sis\u00e4inen koulutus on valmisteilla. RIOC ry tuottaa koulutukselle sis\u00e4ll\u00f6n ja tarjoaa kouluttajat. Koulutuksen j\u00e4rjest\u00e4\u00e4 <a href=\"https:\/\/www.cmcfinland.fi\/uusi-kasikirja-jarjestaytyneen-rikollisuuden-torjuntaan\/\">Kriisinhallintakeskus<\/a>, joka julkaisi edell\u00e4 mainitun k\u00e4sikirjan, mutta Kosovoon suunniteltu pilottikoulutus on siirtynyt korona-pandemian takia.<\/p>\n\n\n\n<h2 class=\"wp-block-heading\" id=\"disrupting\">Piilossa tapahtuvan toiminnan vaikeuttaminen<\/h2>\n\n\n\n<p>RIOC ry:n tavoitteena on toimia kansainv\u00e4lisesti ja kansallisesti toimijana, joka tuottaa relevanttia tutkimusta ja tarjoaa neuvoa-antavaa tukea, vahvistaa yleist\u00e4 tietoisuutta j\u00e4rjest\u00e4ytyneen rikollisuuden uhan vakavuudesta ja osallistuu kansainv\u00e4lisiin yhteisty\u00f6projekteihin j\u00e4rjest\u00e4ytyneen rikollisuuden vastaisten valmiuksien kehitt\u00e4miseksi.<\/p>\n\n\n\n<blockquote class=\"wp-block-quote is-layout-flow wp-block-quote-is-layout-flow\"><p>J\u00e4rjest\u00e4ytyneen rikollisuuden saaman rikoshy\u00f6dyn m\u00e4\u00e4r\u00e4ksi on laskettu EU:n alueella 110 miljardia euroa vuodessa. T\u00e4st\u00e4 saadaan takavarikoitua vain muutama prosentti. Ryhm\u00e4t ovat yleens\u00e4 hyvin j\u00e4rjest\u00e4ytyneit\u00e4, monikansallisia ja useampaan rikollisuuden alaan keskittyneit\u00e4, ja niiden tavoitteena on mahdollisimman suuren taloudellisen hy\u00f6dyn tavoittelu hinnalla mill\u00e4 hyv\u00e4ns\u00e4 ja yhteiskunnan rakenteita hyv\u00e4ksi k\u00e4ytt\u00e4en.<\/p><cite>Jari Liukku, Europolin vakavan ja j\u00e4rjest\u00e4ytyneen rikollisuuden torjuntakeskuksen johtaja (poliisi.fi)<\/cite><\/blockquote>\n\n\n\n<p>RIOC ry kannustaa akateemista tutkimusta aiheesta ja rohkaisee opiskelijoita kirjoittamaan esimerkiksi pro gradu -tutkimuksia j\u00e4rjest\u00e4ytyneeseen rikollisuuteen liittyvist\u00e4 aiheista. Esimerkiksi RIOCin opiskelijaj\u00e4senist\u00e4 Jussi Laatikainen pohtii gradussaan Tampereen yliopiston SAFER-ohjelmassa j\u00e4rjest\u00e4ytyneen rikollisuuden vaikutuksia Euroopan Unionin siviilikriisinhallintamissioihin.<strong> <\/strong>Essi Korhonen valmistelee gradua Madridissa <em>YK:n j\u00e4rjest\u00e4ytyneen rikollisuuden vastaisen sopimuksen <\/em>toimeenpanosta erityisesti Aasian ja Tyynenmeren alueella. RIOC ry osallistuu aktiivisesti tutkimuskonsortioiden tutkimussuunnitelmien kirjoittamiseen ja on kiinnostunut yhteisty\u00f6mahdollisuuksista ja osallistumisesta kansainv\u00e4lisiin tutkimusprojekteihin.<\/p>\n\n\n\n<p>RIOC l\u00e4pileikkaavaan l\u00e4hestymistapaan torjua j\u00e4rjest\u00e4ytynytt\u00e4 rikollisuutta sis\u00e4lt\u00e4\u00e4 tietoisuuden lis\u00e4\u00e4mist\u00e4 ja toiminnallisia aktiviteetteja koululaisille. RIOC ry osallistuu my\u00f6s <a href=\"https:\/\/sites.tuni.fi\/turvallisuusklusteri\/\">Pirkanmaan turvallisuusklusterin<\/a> toimintaan ja on ehdottanut Tamperella j\u00e4rjestett\u00e4v\u00e4\u00e4  pilottip\u00e4iv\u00e4\u00e4 nuorison suosimasta Civic Games &#8211; pelist\u00e4. Civic Games -peliss\u00e4 on tarkoitus kehitt\u00e4\u00e4 ja testata osallistujien vastuuntuntoa erilaisissa uhkaavissa tilanteissa. Suunnitelmia on siirretty korona-pandemian takia. RIOC ry tekee yhteisty\u00f6t\u00e4 mm. ETYJ:n kanssa nostaakseen esiin kysymyksi\u00e4 j\u00e4rjest\u00e4ytyneen rikollisuuden yhteiskunnallisista vaikutuksista, vaikutuksista nuorisoon ja rikollisuutta ihailevista kulttuuri-ilmi\u00f6ist\u00e4.<\/p>\n\n\n\n<p><\/p>\n\n\n\n<h2 class=\"wp-block-heading\" id=\"corruption\">Korruption vastainen toiminta<\/h2>\n\n\n\n<p>RIOC ry osallistuu virallisena partnerina <strong><a href=\"https:\/\/korruptiontorjunta.fi\/eikorruptiolle\">\u201dSano ei korruptiolle\u201d <\/a><\/strong>kampanjaan avoimuuden ja oikeudenmukaisuuden puolesta jo vuodesta 2019. RIOC ry on sitoutunut toiminnassaan vastustamaan korruptiota ja edist\u00e4m\u00e4\u00e4n avoimuutta ja oikeudenmukaisuutta. <\/p>\n\n\n\n<blockquote class=\"wp-block-quote is-layout-flow wp-block-quote-is-layout-flow\"><p>Korruption monimuotoisuus vaikeuttaa&nbsp;sen tunnistamista ja ilmituloa. Suomessa esiintyv\u00e4lle korruptiolle on ominaista se, ett\u00e4 toimitaan muodollisesti lain mukaan mutta silti ep\u00e4eettisesti. Vaikka kaikki korruptio ei ole rikollista, se on kuitenkin aina vahingollista ja ep\u00e4oikeudenmukaista. Siksi korruptiota ei pid\u00e4 hyv\u00e4ksy\u00e4 eik\u00e4 katsoa l\u00e4pi sormien. <\/p><cite>korruptiontorjunta.fi<\/cite><\/blockquote>\n\n\n\n<p>Vuosina 2019-2020 RIOCin puheenjohtaja, Tanja Tamminen, ja varapuheenjohtaja, Noora V\u00e4lim\u00e4ki, tutkivat Tampereen Poliisiammattikorkeakoulussa Suomen kontekstiin sopivia korruption mittareita. Projektista kirjoitettiin muun muassa <a href=\"https:\/\/www.aamulehti.fi\/a\/8ca8a5fd-e74c-460a-828c-ee2e05fa59b6\">Aamulehdess\u00e4<\/a>. Valtioneuvoston selvitys- ja tutkimustoiminnan (VN TEAS) <em>Korruption indikaattorit Suomelle (KORSI)<\/em> -hanke kartoitti korruption seurannan menetelmi\u00e4 ja indikaattoreita. Tanja <a href=\"https:\/\/julkaisut.valtioneuvosto.fi\/bitstream\/handle\/10024\/162538\/VNTEAS_2020_45.pdf\"><strong>Tammisen loppuraportti<\/strong><\/a> \u201dMenetelmi\u00e4 korruption kokonaisvaltaiseen seurantaan\u201d on luettavissa valtioneuvoston selvitys- ja tutkimustoiminnan julkaisusarjassa marraskuussa 2020. Noora V\u00e4lim\u00e4en artikkeli yhdess\u00e4 Vesa Muttilaisen kanssa, \u201cKorruption esiintyvyyden seuranta \u2013 kyselyindikaattoreita\u201d, l\u00f6ytyy projektin <a href=\"https:\/\/julkaisut.valtioneuvosto.fi\/handle\/10024\/162539\">raportista 3<\/a>. Ensimm\u00e4inen <a href=\"https:\/\/tietokayttoon.fi\/julkaisut\/raportti?pubid=URN:ISBN:978-952-287-906-6\">kokoomaraportti<\/a> vet\u00e4\u00e4 yhteen tutkimusprojektin tulokset.<\/p>\n\n\n\n<p>Projektin tarkoituksena oli kehitt\u00e4\u00e4 Suomeen soveltuvia korruption m\u00e4\u00e4r\u00e4llisi\u00e4 ja laadullisia indikaattoreita s\u00e4\u00e4nn\u00f6llisen seurannan pohjaksi. Suomessa on tekeill\u00e4 sek\u00e4 korruption vastainen strategia ett\u00e4 toimintaohjelma. Tamminen kannustaa kokonaisvaltaisen tilannekuvan luomiseen korruption riskien ja korruption vastaisten toimien seurantaan sek\u00e4 piilokorruption paljastamiseen kehitettyjen ty\u00f6kalujen avulla. Tamminen rohkaisee erityisesti korruptiota torjuvia ja valvovia viranomaisia ottamaan k\u00e4ytt\u00f6\u00f6n s\u00e4\u00e4nn\u00f6llisesti p\u00e4ivitett\u00e4v\u00e4t riskiarviot eri aloilla, koska niit\u00e4 ei t\u00e4ll\u00e4 hetkell\u00e4 juuri tehd\u00e4. Lis\u00e4ksi korruption seurantaan tulee soveltaa kokonaisvaltaista l\u00e4hestymistapaa ja yhteiskunnan on luotava kokonaisvaltainen tiedonkeruumalli seurantatietojen kokoamiseksi pitk\u00e4j\u00e4nteisesti. Suomalaiset hallintok\u00e4yt\u00e4nn\u00f6t ovat monilta osin siilomaisia \u2013 muun muassa rahanpesu, j\u00e4rjest\u00e4ytynyt rikollisuus, harmaa talous ja hallinnon avoimuuden pullonkaulat n\u00e4hd\u00e4\u00e4n usein erillisin\u00e4 politiikka- ja toimintalohkoina. Korruption riskit ja ilmentymismuodot liittyv\u00e4t kaikkiin n\u00e4ihin ilmi\u00f6ihin, ja n\u00e4iden ilmi\u00f6iden v\u00e4lisiin yhteyksiin on kiinnitett\u00e4v\u00e4 yh\u00e4 paremmin huomiota. Suomi tarvitseekin s\u00e4\u00e4nn\u00f6llisesti tuotetun korruption tilanneraportin.<\/p>\n\n\n\n<p>RIOC ry:n puheenjohtaja on my\u00f6s Transparency International Suomen varapuheenjohtaja. RIOC ry ja <a href=\"http:\/\/www.transparency.fi\/\">Transparency International Suomi <\/a>suunnittelevat yhteisty\u00f6t\u00e4 jatkossa. RIOC ry:n varapuheenjohtaja toimii t\u00e4ll\u00e4 hetkell\u00e4 korruptionvastaisena neuvonantajana YK:lla. J\u00e4rjest\u00f6n tutkimuskoordinaattori on toiminut Liettuan poliisin korruptionvastaisen yksik\u00f6n apulaisp\u00e4\u00e4llikk\u00f6n\u00e4 Kaunasissa ja toimii EU:n neuvoa-antavassa operaatiossa Ukrainassa vanhempana neuvonantajana talousrikoskysymyksiss\u00e4. <\/p>\n","protected":false},"excerpt":{"rendered":"<p>Keinoja j\u00e4rjest\u00e4ytyneen rikollisuuden vastaiseen taisteluun RIOC ry on itsen\u00e4inen ajatushautomo, joka tekee ajankohtaista k\u00e4yt\u00e4nt\u00f6\u00f6n sovellettavaa tutkimusta j\u00e4rjest\u00e4ytyneest\u00e4 rikollisuudesta ja kehitt\u00e4\u00e4 &#8230;<\/p>\n","protected":false},"author":1,"featured_media":0,"parent":0,"menu_order":0,"comment_status":"closed","ping_status":"closed","template":"","meta":{"_acf_changed":false,"footnotes":""},"class_list":["post-66","page","type-page","status-publish","hentry"],"acf":[],"yoast_head":"<!-- This site is optimized with the Yoast SEO plugin v27.4 - https:\/\/yoast.com\/product\/yoast-seo-wordpress\/ -->\n<title>Toiminta - rioc<\/title>\n<meta name=\"robots\" content=\"index, follow, max-snippet:-1, max-image-preview:large, max-video-preview:-1\" \/>\n<link rel=\"canonical\" href=\"https:\/\/rioc.eu\/fi\/toiminta\/\" \/>\n<meta property=\"og:locale\" content=\"fi_FI\" \/>\n<meta property=\"og:type\" content=\"article\" \/>\n<meta property=\"og:title\" content=\"Toiminta - rioc\" \/>\n<meta property=\"og:description\" content=\"Keinoja j\u00e4rjest\u00e4ytyneen rikollisuuden vastaiseen taisteluun RIOC ry on itsen\u00e4inen ajatushautomo, joka tekee ajankohtaista k\u00e4yt\u00e4nt\u00f6\u00f6n sovellettavaa tutkimusta j\u00e4rjest\u00e4ytyneest\u00e4 rikollisuudesta ja kehitt\u00e4\u00e4 ...\" \/>\n<meta property=\"og:url\" content=\"https:\/\/rioc.eu\/fi\/toiminta\/\" \/>\n<meta property=\"og:site_name\" content=\"rioc\" \/>\n<meta property=\"article:modified_time\" content=\"2021-01-19T10:30:05+00:00\" \/>\n<meta name=\"twitter:card\" content=\"summary_large_image\" \/>\n<meta name=\"twitter:label1\" content=\"Arvioitu lukuaika\" \/>\n\t<meta name=\"twitter:data1\" content=\"4 minuuttia\" \/>\n<script type=\"application\/ld+json\" class=\"yoast-schema-graph\">{\"@context\":\"https:\\\/\\\/schema.org\",\"@graph\":[{\"@type\":\"WebPage\",\"@id\":\"https:\\\/\\\/rioc.eu\\\/fi\\\/toiminta\\\/\",\"url\":\"https:\\\/\\\/rioc.eu\\\/fi\\\/toiminta\\\/\",\"name\":\"Toiminta - rioc\",\"isPartOf\":{\"@id\":\"https:\\\/\\\/rioc.eu\\\/fi\\\/#website\"},\"datePublished\":\"2020-08-28T07:46:56+00:00\",\"dateModified\":\"2021-01-19T10:30:05+00:00\",\"breadcrumb\":{\"@id\":\"https:\\\/\\\/rioc.eu\\\/fi\\\/toiminta\\\/#breadcrumb\"},\"inLanguage\":\"fi\",\"potentialAction\":[{\"@type\":\"ReadAction\",\"target\":[\"https:\\\/\\\/rioc.eu\\\/fi\\\/toiminta\\\/\"]}]},{\"@type\":\"BreadcrumbList\",\"@id\":\"https:\\\/\\\/rioc.eu\\\/fi\\\/toiminta\\\/#breadcrumb\",\"itemListElement\":[{\"@type\":\"ListItem\",\"position\":1,\"name\":\"Etusivu\",\"item\":\"https:\\\/\\\/rioc.eu\\\/fi\\\/\"},{\"@type\":\"ListItem\",\"position\":2,\"name\":\"Toiminta\"}]},{\"@type\":\"WebSite\",\"@id\":\"https:\\\/\\\/rioc.eu\\\/fi\\\/#website\",\"url\":\"https:\\\/\\\/rioc.eu\\\/fi\\\/\",\"name\":\"rioc\",\"description\":\"\",\"publisher\":{\"@id\":\"https:\\\/\\\/rioc.eu\\\/fi\\\/#organization\"},\"potentialAction\":[{\"@type\":\"SearchAction\",\"target\":{\"@type\":\"EntryPoint\",\"urlTemplate\":\"https:\\\/\\\/rioc.eu\\\/fi\\\/?s={search_term_string}\"},\"query-input\":{\"@type\":\"PropertyValueSpecification\",\"valueRequired\":true,\"valueName\":\"search_term_string\"}}],\"inLanguage\":\"fi\"},{\"@type\":\"Organization\",\"@id\":\"https:\\\/\\\/rioc.eu\\\/fi\\\/#organization\",\"name\":\"RIOC\",\"url\":\"https:\\\/\\\/rioc.eu\\\/fi\\\/\",\"logo\":{\"@type\":\"ImageObject\",\"inLanguage\":\"fi\",\"@id\":\"https:\\\/\\\/rioc.eu\\\/fi\\\/#\\\/schema\\\/logo\\\/image\\\/\",\"url\":\"https:\\\/\\\/rioc.eu\\\/wp-content\\\/uploads\\\/2020\\\/10\\\/cropped-favicon.png\",\"contentUrl\":\"https:\\\/\\\/rioc.eu\\\/wp-content\\\/uploads\\\/2020\\\/10\\\/cropped-favicon.png\",\"width\":512,\"height\":512,\"caption\":\"RIOC\"},\"image\":{\"@id\":\"https:\\\/\\\/rioc.eu\\\/fi\\\/#\\\/schema\\\/logo\\\/image\\\/\"}}]}<\/script>\n<!-- \/ Yoast SEO plugin. -->","yoast_head_json":{"title":"Toiminta - rioc","robots":{"index":"index","follow":"follow","max-snippet":"max-snippet:-1","max-image-preview":"max-image-preview:large","max-video-preview":"max-video-preview:-1"},"canonical":"https:\/\/rioc.eu\/fi\/toiminta\/","og_locale":"fi_FI","og_type":"article","og_title":"Toiminta - rioc","og_description":"Keinoja j\u00e4rjest\u00e4ytyneen rikollisuuden vastaiseen taisteluun RIOC ry on itsen\u00e4inen ajatushautomo, joka tekee ajankohtaista k\u00e4yt\u00e4nt\u00f6\u00f6n sovellettavaa tutkimusta j\u00e4rjest\u00e4ytyneest\u00e4 rikollisuudesta ja kehitt\u00e4\u00e4 ...","og_url":"https:\/\/rioc.eu\/fi\/toiminta\/","og_site_name":"rioc","article_modified_time":"2021-01-19T10:30:05+00:00","twitter_card":"summary_large_image","twitter_misc":{"Arvioitu lukuaika":"4 minuuttia"},"schema":{"@context":"https:\/\/schema.org","@graph":[{"@type":"WebPage","@id":"https:\/\/rioc.eu\/fi\/toiminta\/","url":"https:\/\/rioc.eu\/fi\/toiminta\/","name":"Toiminta - rioc","isPartOf":{"@id":"https:\/\/rioc.eu\/fi\/#website"},"datePublished":"2020-08-28T07:46:56+00:00","dateModified":"2021-01-19T10:30:05+00:00","breadcrumb":{"@id":"https:\/\/rioc.eu\/fi\/toiminta\/#breadcrumb"},"inLanguage":"fi","potentialAction":[{"@type":"ReadAction","target":["https:\/\/rioc.eu\/fi\/toiminta\/"]}]},{"@type":"BreadcrumbList","@id":"https:\/\/rioc.eu\/fi\/toiminta\/#breadcrumb","itemListElement":[{"@type":"ListItem","position":1,"name":"Etusivu","item":"https:\/\/rioc.eu\/fi\/"},{"@type":"ListItem","position":2,"name":"Toiminta"}]},{"@type":"WebSite","@id":"https:\/\/rioc.eu\/fi\/#website","url":"https:\/\/rioc.eu\/fi\/","name":"rioc","description":"","publisher":{"@id":"https:\/\/rioc.eu\/fi\/#organization"},"potentialAction":[{"@type":"SearchAction","target":{"@type":"EntryPoint","urlTemplate":"https:\/\/rioc.eu\/fi\/?s={search_term_string}"},"query-input":{"@type":"PropertyValueSpecification","valueRequired":true,"valueName":"search_term_string"}}],"inLanguage":"fi"},{"@type":"Organization","@id":"https:\/\/rioc.eu\/fi\/#organization","name":"RIOC","url":"https:\/\/rioc.eu\/fi\/","logo":{"@type":"ImageObject","inLanguage":"fi","@id":"https:\/\/rioc.eu\/fi\/#\/schema\/logo\/image\/","url":"https:\/\/rioc.eu\/wp-content\/uploads\/2020\/10\/cropped-favicon.png","contentUrl":"https:\/\/rioc.eu\/wp-content\/uploads\/2020\/10\/cropped-favicon.png","width":512,"height":512,"caption":"RIOC"},"image":{"@id":"https:\/\/rioc.eu\/fi\/#\/schema\/logo\/image\/"}}]}},"_links":{"self":[{"href":"https:\/\/rioc.eu\/fi\/wp-json\/wp\/v2\/pages\/66","targetHints":{"allow":["GET"]}}],"collection":[{"href":"https:\/\/rioc.eu\/fi\/wp-json\/wp\/v2\/pages"}],"about":[{"href":"https:\/\/rioc.eu\/fi\/wp-json\/wp\/v2\/types\/page"}],"author":[{"embeddable":true,"href":"https:\/\/rioc.eu\/fi\/wp-json\/wp\/v2\/users\/1"}],"replies":[{"embeddable":true,"href":"https:\/\/rioc.eu\/fi\/wp-json\/wp\/v2\/comments?post=66"}],"version-history":[{"count":1,"href":"https:\/\/rioc.eu\/fi\/wp-json\/wp\/v2\/pages\/66\/revisions"}],"predecessor-version":[{"id":637,"href":"https:\/\/rioc.eu\/fi\/wp-json\/wp\/v2\/pages\/66\/revisions\/637"}],"wp:attachment":[{"href":"https:\/\/rioc.eu\/fi\/wp-json\/wp\/v2\/media?parent=66"}],"curies":[{"name":"wp","href":"https:\/\/api.w.org\/{rel}","templated":true}]}}