{"id":9,"date":"2020-08-27T08:35:12","date_gmt":"2020-08-27T08:35:12","guid":{"rendered":"https:\/\/www.rioc.eu\/?page_id=9"},"modified":"2025-08-27T12:08:10","modified_gmt":"2025-08-27T12:08:10","slug":"etusivu","status":"publish","type":"page","link":"https:\/\/rioc.eu\/fi\/","title":{"rendered":"Etusivu"},"content":{"rendered":"","protected":false},"excerpt":{"rendered":"","protected":false},"author":1,"featured_media":0,"parent":0,"menu_order":0,"comment_status":"closed","ping_status":"closed","template":"","meta":{"_acf_changed":false,"footnotes":""},"class_list":["post-9","page","type-page","status-publish","hentry"],"acf":[],"yoast_head":"<!-- This site is optimized with the Yoast SEO plugin v27.4 - https:\/\/yoast.com\/product\/yoast-seo-wordpress\/ -->\n<title>RIOC - Etusivu<\/title>\n<meta name=\"description\" content=\"RIOC ry on itsen\u00e4inen ajatushautomo, joka tekee tutkimusta j\u00e4rjest\u00e4ytyneest\u00e4 rikollisuudesta ja kehitt\u00e4\u00e4 ty\u00f6kaluja rikollisverkostojen toiminnan vaikeuttamiseksi.\" \/>\n<meta name=\"robots\" content=\"index, follow, max-snippet:-1, max-image-preview:large, max-video-preview:-1\" \/>\n<link rel=\"canonical\" href=\"https:\/\/rioc.eu\/fi\/\" \/>\n<meta property=\"og:locale\" content=\"fi_FI\" \/>\n<meta property=\"og:type\" content=\"article\" \/>\n<meta property=\"og:title\" content=\"RIOC - Etusivu\" \/>\n<meta property=\"og:description\" content=\"RIOC ry on itsen\u00e4inen ajatushautomo, joka tekee tutkimusta j\u00e4rjest\u00e4ytyneest\u00e4 rikollisuudesta ja kehitt\u00e4\u00e4 ty\u00f6kaluja rikollisverkostojen toiminnan vaikeuttamiseksi.\" \/>\n<meta property=\"og:url\" content=\"https:\/\/rioc.eu\/fi\/\" \/>\n<meta property=\"og:site_name\" content=\"rioc\" \/>\n<meta property=\"article:modified_time\" content=\"2025-08-27T12:08:10+00:00\" \/>\n<meta property=\"og:image\" content=\"https:\/\/rioc.eu\/wp-content\/uploads\/2020\/10\/share-1024x546.png\" \/>\n\t<meta property=\"og:image:width\" content=\"1024\" \/>\n\t<meta property=\"og:image:height\" content=\"546\" \/>\n\t<meta property=\"og:image:type\" content=\"image\/png\" \/>\n<meta name=\"twitter:card\" content=\"summary_large_image\" \/>\n<script type=\"application\/ld+json\" class=\"yoast-schema-graph\">{\"@context\":\"https:\\\/\\\/schema.org\",\"@graph\":[{\"@type\":\"WebPage\",\"@id\":\"https:\\\/\\\/rioc.eu\\\/fi\\\/\",\"url\":\"https:\\\/\\\/rioc.eu\\\/fi\\\/\",\"name\":\"RIOC - Etusivu\",\"isPartOf\":{\"@id\":\"https:\\\/\\\/rioc.eu\\\/fi\\\/#website\"},\"datePublished\":\"2020-08-27T08:35:12+00:00\",\"dateModified\":\"2025-08-27T12:08:10+00:00\",\"description\":\"RIOC ry on itsen\u00e4inen ajatushautomo, joka tekee tutkimusta j\u00e4rjest\u00e4ytyneest\u00e4 rikollisuudesta ja kehitt\u00e4\u00e4 ty\u00f6kaluja rikollisverkostojen toiminnan vaikeuttamiseksi.\",\"breadcrumb\":{\"@id\":\"https:\\\/\\\/rioc.eu\\\/fi\\\/#breadcrumb\"},\"inLanguage\":\"fi\",\"potentialAction\":[{\"@type\":\"ReadAction\",\"target\":[\"https:\\\/\\\/rioc.eu\\\/fi\\\/\"]}]},{\"@type\":\"BreadcrumbList\",\"@id\":\"https:\\\/\\\/rioc.eu\\\/fi\\\/#breadcrumb\",\"itemListElement\":[{\"@type\":\"ListItem\",\"position\":1,\"name\":\"Etusivu\",\"item\":\"https:\\\/\\\/rioc.eu\\\/fi\\\/\"},{\"@type\":\"ListItem\",\"position\":2,\"name\":\"Etusivu\"}]},{\"@type\":\"WebSite\",\"@id\":\"https:\\\/\\\/rioc.eu\\\/fi\\\/#website\",\"url\":\"https:\\\/\\\/rioc.eu\\\/fi\\\/\",\"name\":\"rioc\",\"description\":\"\",\"publisher\":{\"@id\":\"https:\\\/\\\/rioc.eu\\\/fi\\\/#organization\"},\"potentialAction\":[{\"@type\":\"SearchAction\",\"target\":{\"@type\":\"EntryPoint\",\"urlTemplate\":\"https:\\\/\\\/rioc.eu\\\/fi\\\/?s={search_term_string}\"},\"query-input\":{\"@type\":\"PropertyValueSpecification\",\"valueRequired\":true,\"valueName\":\"search_term_string\"}}],\"inLanguage\":\"fi\"},{\"@type\":\"Organization\",\"@id\":\"https:\\\/\\\/rioc.eu\\\/fi\\\/#organization\",\"name\":\"RIOC\",\"url\":\"https:\\\/\\\/rioc.eu\\\/fi\\\/\",\"logo\":{\"@type\":\"ImageObject\",\"inLanguage\":\"fi\",\"@id\":\"https:\\\/\\\/rioc.eu\\\/fi\\\/#\\\/schema\\\/logo\\\/image\\\/\",\"url\":\"https:\\\/\\\/rioc.eu\\\/wp-content\\\/uploads\\\/2020\\\/10\\\/cropped-favicon.png\",\"contentUrl\":\"https:\\\/\\\/rioc.eu\\\/wp-content\\\/uploads\\\/2020\\\/10\\\/cropped-favicon.png\",\"width\":512,\"height\":512,\"caption\":\"RIOC\"},\"image\":{\"@id\":\"https:\\\/\\\/rioc.eu\\\/fi\\\/#\\\/schema\\\/logo\\\/image\\\/\"}}]}<\/script>\n<!-- \/ Yoast SEO plugin. -->","yoast_head_json":{"title":"RIOC - Etusivu","description":"RIOC ry on itsen\u00e4inen ajatushautomo, joka tekee tutkimusta j\u00e4rjest\u00e4ytyneest\u00e4 rikollisuudesta ja kehitt\u00e4\u00e4 ty\u00f6kaluja rikollisverkostojen toiminnan vaikeuttamiseksi.","robots":{"index":"index","follow":"follow","max-snippet":"max-snippet:-1","max-image-preview":"max-image-preview:large","max-video-preview":"max-video-preview:-1"},"canonical":"https:\/\/rioc.eu\/fi\/","og_locale":"fi_FI","og_type":"article","og_title":"RIOC - Etusivu","og_description":"RIOC ry on itsen\u00e4inen ajatushautomo, joka tekee tutkimusta j\u00e4rjest\u00e4ytyneest\u00e4 rikollisuudesta ja kehitt\u00e4\u00e4 ty\u00f6kaluja rikollisverkostojen toiminnan vaikeuttamiseksi.","og_url":"https:\/\/rioc.eu\/fi\/","og_site_name":"rioc","article_modified_time":"2025-08-27T12:08:10+00:00","og_image":[{"width":1024,"height":546,"url":"https:\/\/rioc.eu\/wp-content\/uploads\/2020\/10\/share-1024x546.png","type":"image\/png"}],"twitter_card":"summary_large_image","schema":{"@context":"https:\/\/schema.org","@graph":[{"@type":"WebPage","@id":"https:\/\/rioc.eu\/fi\/","url":"https:\/\/rioc.eu\/fi\/","name":"RIOC - Etusivu","isPartOf":{"@id":"https:\/\/rioc.eu\/fi\/#website"},"datePublished":"2020-08-27T08:35:12+00:00","dateModified":"2025-08-27T12:08:10+00:00","description":"RIOC ry on itsen\u00e4inen ajatushautomo, joka tekee tutkimusta j\u00e4rjest\u00e4ytyneest\u00e4 rikollisuudesta ja kehitt\u00e4\u00e4 ty\u00f6kaluja rikollisverkostojen toiminnan vaikeuttamiseksi.","breadcrumb":{"@id":"https:\/\/rioc.eu\/fi\/#breadcrumb"},"inLanguage":"fi","potentialAction":[{"@type":"ReadAction","target":["https:\/\/rioc.eu\/fi\/"]}]},{"@type":"BreadcrumbList","@id":"https:\/\/rioc.eu\/fi\/#breadcrumb","itemListElement":[{"@type":"ListItem","position":1,"name":"Etusivu","item":"https:\/\/rioc.eu\/fi\/"},{"@type":"ListItem","position":2,"name":"Etusivu"}]},{"@type":"WebSite","@id":"https:\/\/rioc.eu\/fi\/#website","url":"https:\/\/rioc.eu\/fi\/","name":"rioc","description":"","publisher":{"@id":"https:\/\/rioc.eu\/fi\/#organization"},"potentialAction":[{"@type":"SearchAction","target":{"@type":"EntryPoint","urlTemplate":"https:\/\/rioc.eu\/fi\/?s={search_term_string}"},"query-input":{"@type":"PropertyValueSpecification","valueRequired":true,"valueName":"search_term_string"}}],"inLanguage":"fi"},{"@type":"Organization","@id":"https:\/\/rioc.eu\/fi\/#organization","name":"RIOC","url":"https:\/\/rioc.eu\/fi\/","logo":{"@type":"ImageObject","inLanguage":"fi","@id":"https:\/\/rioc.eu\/fi\/#\/schema\/logo\/image\/","url":"https:\/\/rioc.eu\/wp-content\/uploads\/2020\/10\/cropped-favicon.png","contentUrl":"https:\/\/rioc.eu\/wp-content\/uploads\/2020\/10\/cropped-favicon.png","width":512,"height":512,"caption":"RIOC"},"image":{"@id":"https:\/\/rioc.eu\/fi\/#\/schema\/logo\/image\/"}}]}},"_links":{"self":[{"href":"https:\/\/rioc.eu\/fi\/wp-json\/wp\/v2\/pages\/9","targetHints":{"allow":["GET"]}}],"collection":[{"href":"https:\/\/rioc.eu\/fi\/wp-json\/wp\/v2\/pages"}],"about":[{"href":"https:\/\/rioc.eu\/fi\/wp-json\/wp\/v2\/types\/page"}],"author":[{"embeddable":true,"href":"https:\/\/rioc.eu\/fi\/wp-json\/wp\/v2\/users\/1"}],"replies":[{"embeddable":true,"href":"https:\/\/rioc.eu\/fi\/wp-json\/wp\/v2\/comments?post=9"}],"version-history":[{"count":1,"href":"https:\/\/rioc.eu\/fi\/wp-json\/wp\/v2\/pages\/9\/revisions"}],"predecessor-version":[{"id":767,"href":"https:\/\/rioc.eu\/fi\/wp-json\/wp\/v2\/pages\/9\/revisions\/767"}],"wp:attachment":[{"href":"https:\/\/rioc.eu\/fi\/wp-json\/wp\/v2\/media?parent=9"}],"curies":[{"name":"wp","href":"https:\/\/api.w.org\/{rel}","templated":true}]}}